{"id":13,"date":"2020-03-26T13:59:58","date_gmt":"2020-03-26T13:59:58","guid":{"rendered":"https:\/\/www.wein-deluxe.eu\/?page_id=13"},"modified":"2025-05-12T19:48:55","modified_gmt":"2025-05-12T17:48:55","slug":"payment-methods","status":"publish","type":"page","link":"https:\/\/www.wein-deluxe.eu\/?page_id=13","title":{"rendered":"Zahlungsarten"},"content":{"rendered":"\t\t<div data-elementor-type=\"wp-page\" data-elementor-id=\"13\" class=\"elementor elementor-13\">\n\t\t\t\t\t\t<section class=\"elementor-section elementor-top-section elementor-element elementor-element-3f6b97 elementor-section-boxed elementor-section-height-default elementor-section-height-default\" data-id=\"3f6b97\" data-element_type=\"section\">\n\t\t\t\t\t\t<div class=\"elementor-container elementor-column-gap-default\">\n\t\t\t\t\t<div class=\"elementor-column elementor-col-100 elementor-top-column elementor-element elementor-element-6c148bad\" data-id=\"6c148bad\" data-element_type=\"column\">\n\t\t\t<div class=\"elementor-widget-wrap elementor-element-populated\">\n\t\t\t\t\t\t<div class=\"elementor-element elementor-element-26d4d96d elementor-widget elementor-widget-text-editor\" data-id=\"26d4d96d\" data-element_type=\"widget\" data-widget_type=\"text-editor.default\">\n\t\t\t\t<div class=\"elementor-widget-container\">\n\t\t\t\t\t\t\t\t\t<p>Wir bieten mehrere Bezahlungsm\u00f6glichkeiten an:<\/p><ul><li>PayPal<\/li><li>Vorauskasse<\/li><\/ul><p>Eine Zahlung mit <strong>Kreditkarte<\/strong> ist <strong>derzeit leider nicht m\u00f6glich.<\/strong> Wir arbeiten bereits an einer L\u00f6sung, voraussichtlich k\u00f6nnen wir\u00a0 bald auch Kreditkarten wieder als Zahlungsmittel anbieten und bitten daher noch um etwas Geduld.<\/p>\t\t\t\t\t\t\t\t<\/div>\n\t\t\t\t<\/div>\n\t\t\t\t\t<\/div>\n\t\t<\/div>\n\t\t\t\t\t<\/div>\n\t\t<\/section>\n\t\t\t\t<\/div>\n\t\t","protected":false},"excerpt":{"rendered":"<p>Wir bieten mehrere Bezahlungsm\u00f6glichkeiten an: PayPal Vorauskasse Eine Zahlung mit Kreditkarte ist derzeit leider nicht m\u00f6glich. Wir arbeiten bereits an einer L\u00f6sung, voraussichtlich k\u00f6nnen wir\u00a0 bald auch Kreditkarten wieder als Zahlungsmittel anbieten und bitten daher noch um etwas Geduld.<\/p>\n","protected":false},"author":1,"featured_media":0,"parent":0,"menu_order":0,"comment_status":"closed","ping_status":"closed","template":"","meta":{"footnotes":""},"class_list":["post-13","page","type-page","status-publish","hentry"],"_links":{"self":[{"href":"https:\/\/www.wein-deluxe.eu\/index.php?rest_route=\/wp\/v2\/pages\/13","targetHints":{"allow":["GET"]}}],"collection":[{"href":"https:\/\/www.wein-deluxe.eu\/index.php?rest_route=\/wp\/v2\/pages"}],"about":[{"href":"https:\/\/www.wein-deluxe.eu\/index.php?rest_route=\/wp\/v2\/types\/page"}],"author":[{"embeddable":true,"href":"https:\/\/www.wein-deluxe.eu\/index.php?rest_route=\/wp\/v2\/users\/1"}],"replies":[{"embeddable":true,"href":"https:\/\/www.wein-deluxe.eu\/index.php?rest_route=%2Fwp%2Fv2%2Fcomments&post=13"}],"version-history":[{"count":4,"href":"https:\/\/www.wein-deluxe.eu\/index.php?rest_route=\/wp\/v2\/pages\/13\/revisions"}],"predecessor-version":[{"id":678,"href":"https:\/\/www.wein-deluxe.eu\/index.php?rest_route=\/wp\/v2\/pages\/13\/revisions\/678"}],"wp:attachment":[{"href":"https:\/\/www.wein-deluxe.eu\/index.php?rest_route=%2Fwp%2Fv2%2Fmedia&parent=13"}],"curies":[{"name":"wp","href":"https:\/\/api.w.org\/{rel}","templated":true}]}}