{"id":12,"date":"2020-03-26T13:59:57","date_gmt":"2020-03-26T13:59:57","guid":{"rendered":"https:\/\/www.wein-deluxe.eu\/?page_id=12"},"modified":"2020-03-30T16:29:23","modified_gmt":"2020-03-30T14:29:23","slug":"shipping-methods","status":"publish","type":"page","link":"https:\/\/www.wein-deluxe.eu\/?page_id=12","title":{"rendered":"Versandarten"},"content":{"rendered":"<p class=\"has-text-align-center\"><strong>Der Versand Ihres Produktes erfolgt \u00fcber die \u00d6sterreichische POST AG<\/strong><\/p><p class=\"has-text-color has-text-align-center has-vivid-red-color\">Versandkosten innerhalb \u00d6sterreichs und der EU-Mitgliedsstaaten \u20ac 9,50 (inkl. MwSt)<\/p><div class=\"wp-block-image\"><figure class=\"aligncenter\"><img decoding=\"async\" src=\"https:\/\/www.natural-mente.at\/wp-content\/uploads\/2018\/03\/Post-Logo.png\" alt=\"\" class=\"wp-image-353\"\/><\/figure><\/div>","protected":false},"excerpt":{"rendered":"<p>Der Versand Ihres Produktes erfolgt \u00fcber die \u00d6sterreichische POST AG Versandkosten innerhalb \u00d6sterreichs und der EU-Mitgliedsstaaten \u20ac 9,50 (inkl. MwSt)<\/p>\n","protected":false},"author":1,"featured_media":0,"parent":0,"menu_order":0,"comment_status":"closed","ping_status":"closed","template":"","meta":{"footnotes":""},"class_list":["post-12","page","type-page","status-publish","hentry"],"_links":{"self":[{"href":"https:\/\/www.wein-deluxe.eu\/index.php?rest_route=\/wp\/v2\/pages\/12","targetHints":{"allow":["GET"]}}],"collection":[{"href":"https:\/\/www.wein-deluxe.eu\/index.php?rest_route=\/wp\/v2\/pages"}],"about":[{"href":"https:\/\/www.wein-deluxe.eu\/index.php?rest_route=\/wp\/v2\/types\/page"}],"author":[{"embeddable":true,"href":"https:\/\/www.wein-deluxe.eu\/index.php?rest_route=\/wp\/v2\/users\/1"}],"replies":[{"embeddable":true,"href":"https:\/\/www.wein-deluxe.eu\/index.php?rest_route=%2Fwp%2Fv2%2Fcomments&post=12"}],"version-history":[{"count":3,"href":"https:\/\/www.wein-deluxe.eu\/index.php?rest_route=\/wp\/v2\/pages\/12\/revisions"}],"predecessor-version":[{"id":36,"href":"https:\/\/www.wein-deluxe.eu\/index.php?rest_route=\/wp\/v2\/pages\/12\/revisions\/36"}],"wp:attachment":[{"href":"https:\/\/www.wein-deluxe.eu\/index.php?rest_route=%2Fwp%2Fv2%2Fmedia&parent=12"}],"curies":[{"name":"wp","href":"https:\/\/api.w.org\/{rel}","templated":true}]}}